{"id":4083,"date":"2024-02-22T14:17:10","date_gmt":"2024-02-22T13:17:10","guid":{"rendered":"https:\/\/kaylaparis.com\/contact-us\/"},"modified":"2025-12-15T19:58:09","modified_gmt":"2025-12-15T18:58:09","slug":"contact-us","status":"publish","type":"page","link":"https:\/\/kaylaparis.com\/en\/contact-us\/","title":{"rendered":"Contact us"},"content":{"rendered":"\n<div class=\"wp-block-greenshift-blocks-row alignfull gspb_row gspb_row-id-gsbp-9c27dfc\" id=\"gspb_row-id-gsbp-9c27dfc\"><div class=\"gspb_backgroundOverlay\"><\/div><div class=\"gspb_row__content\"> \n<div class=\"wp-block-greenshift-blocks-row-column gspb_row__col--12 gspb_col-id-gsbp-6d61d37\" id=\"gspb_col-id-gsbp-6d61d37\">\n\n<h2 style=\"text-transform:uppercase; margin-top:20px;margin-bottom:0px;\" class=\"ct-dynamic-data has-text-align-left wp-elements-90fdac2afcdcf623b11e38c408d79d70 has-text-color has-palette-color-8-color\">Contact us<\/h2><\/div>\n <\/div><\/div>\n\n\n\n<div class=\"wp-block-greenshift-blocks-row gspb_row gspb_row-id-gsbp-7904ad2 gspb_row--gutter-custom-0\" id=\"gspb_row-id-gsbp-7904ad2\"><div class=\"gspb_row__content\"> \n<div class=\"wp-block-greenshift-blocks-row-column gspb_row__col--6 gspb_col-id-gsbp-67222b7\" id=\"gspb_col-id-gsbp-67222b7\">\n<h4 id=\"gspb_heading-id-gsbp-a634934\" class=\"gspb_heading gspb_heading-id-gsbp-a634934 \">Our team is available to answer any questions you may have about your order or our collections.<\/h4>\n\n\n\n<div id=\"gspb_text-id-gsbp-b8e04f8\" class=\"gspb_text gspb_text-id-gsbp-b8e04f8 \"><strong>Email:<\/strong> <a href=\"mailto:contact@kaylaparis.com\">contact@kaylaparis.com<\/a><br><strong>Telephone:<\/strong> <a href=\"tel:+33 7 82 22 52 40\">+33 7 82 22 52 40<\/a><br><strong>Postal address:<\/strong> <a href=\"https:\/\/maps.app.goo.gl\/Zmz2UUPEcfb1dzf28\">10 rue de penthi\u00e8vre 75008<\/a><br><strong>Customer service hours:<\/strong> Monday &#8211; Friday: 9:00 am &#8211; 6:00 pm (CET)<\/div>\n<\/div>\n <\/div><\/div>\n\n\n\n<div class=\"wp-block-greenshift-blocks-row alignfull gspb_row gspb_row-id-gsbp-d47f8e5\" id=\"gspb_row-id-gsbp-d47f8e5\"><div class=\"gspb_row__content\"> \n<div class=\"wp-block-greenshift-blocks-row-column gspb_row__col--6 gspb_col-id-gsbp-0cc6e85\" id=\"gspb_col-id-gsbp-0cc6e85\">\n<div style=\"height:400px\" aria-hidden=\"true\" class=\"wp-block-spacer\"><\/div>\n<\/div>\n\n\n\n<div class=\"wp-block-greenshift-blocks-row-column gspb_row__col--6 gspb_col-id-gsbp-d2f3731\" id=\"gspb_col-id-gsbp-d2f3731\">\n<h3 id=\"gspb_heading-id-gsbp-409250d\" class=\"gspb_heading gspb_heading-id-gsbp-409250d \">Contact us, we&#8217;re here for you<\/h3>\n\n\n\n<div id=\"gspb_text-id-gsbp-3cfa114\" class=\"gspb_text gspb_text-id-gsbp-3cfa114 \">Do you have a question about our products? A specific need or custom order? The <strong>KAYLA<\/strong> team is at your disposal to answer all your questions.  <br><br>Fill in the form below and we&#8217;ll get back to you as soon as possible. We look forward to supporting you in your KAYLA experience. <\/div>\n\n\n<div class='fluentform ff-inherit-theme-style fluentform_wrapper_1  ff_guten_block ff_guten_block-1'><form data-form_id=\"1\" id=\"fluentform_1\" class=\"frm-fluent-form fluent_form_1 ff-el-form-top ff_form_instance_1_1 ff-form-loading ffs_inherit_theme\" data-form_instance=\"ff_form_instance_1_1\" method=\"POST\" ><fieldset  style=\"border: none!important;margin: 0!important;padding: 0!important;background-color: transparent!important;box-shadow: none!important;outline: none!important; min-inline-size: 100%;\">\n                    <legend class=\"ff_screen_reader_title\" style=\"display: block; margin: 0!important;padding: 0!important;height: 0!important;text-indent: -999999px;width: 0!important;overflow:hidden;\">Formulaire de contact FR<\/legend><input type='hidden' name='__fluent_form_embded_post_id' value='4083' \/><input type=\"hidden\" id=\"_fluentform_1_fluentformnonce\" name=\"_fluentform_1_fluentformnonce\" value=\"6117d470e6\" \/><input type=\"hidden\" name=\"_wp_http_referer\" value=\"\/en\/wp-json\/wp\/v2\/pages\/4083\" \/><div data-type=\"name-element\" data-name=\"names\" class=\" ff-field_container ff-name-field-wrapper\" ><div class='ff-t-container'><div class='ff-t-cell '><div class='ff-el-group  ff-el-form-hide_label'><div class=\"ff-el-input--label asterisk-right\"><label for='ff_1_names_first_name_' id='label_ff_1_names_first_name_' >Nom \/ Pr\u00e9nom<\/label><\/div><div class='ff-el-input--content'><input type=\"text\" name=\"names[first_name]\" id=\"ff_1_names_first_name_\" class=\"ff-el-form-control\" placeholder=\"Nom \/ Pr\u00e9nom\" aria-invalid=\"false\" aria-required=false><\/div><\/div><\/div><\/div><\/div><div class='ff-el-group ff-el-form-hide_label'><div class=\"ff-el-input--label ff-el-is-required asterisk-right\"><label for='ff_1_email' id='label_ff_1_email' aria-label=\"Email\">Email<\/label><\/div><div class='ff-el-input--content'><input type=\"email\" name=\"email\" id=\"ff_1_email\" class=\"ff-el-form-control\" placeholder=\"Adresse E-mail\" data-name=\"email\"  aria-invalid=\"false\" aria-required=true><\/div><\/div><div class='ff-el-group ff-el-form-hide_label'><div class=\"ff-el-input--label ff-el-is-required asterisk-right\"><label for='ff_1_numeric_field' id='label_ff_1_numeric_field' aria-label=\"Num\u00e9ro de t\u00e9l\u00e9phone\">Num\u00e9ro de t\u00e9l\u00e9phone<\/label><\/div><div class='ff-el-input--content'><input type=\"number\" name=\"numeric_field\" id=\"ff_1_numeric_field\" class=\"ff-el-form-control\" placeholder=\"Num\u00e9ro de t\u00e9l\u00e9phone\" data-name=\"numeric_field\" inputmode=\"numeric\" step=\"any\"  aria-invalid=\"false\" aria-required=true><\/div><\/div><div class='ff-el-group ff-el-form-hide_label'><div class=\"ff-el-input--label ff-el-is-required asterisk-right\"><label for='ff_1_subject' id='label_ff_1_subject' aria-label=\"Sujet\">Sujet<\/label><\/div><div class='ff-el-input--content'><input type=\"text\" name=\"subject\" class=\"ff-el-form-control\" placeholder=\"Sujet\" data-name=\"subject\" id=\"ff_1_subject\"  aria-invalid=\"false\" aria-required=true><\/div><\/div><div class='ff-el-group ff-el-form-hide_label'><div class=\"ff-el-input--label ff-el-is-required asterisk-right\"><label for='ff_1_message' id='label_ff_1_message' aria-label=\"Message\">Message<\/label><\/div><div class='ff-el-input--content'><textarea aria-required=\"true\" aria-labelledby=\"label_ff_1_message\" name=\"message\" id=\"ff_1_message\" class=\"ff-el-form-control\" placeholder=\"Veuillez \u00e9crire votre message\" rows=\"4\" cols=\"2\" data-name=\"message\" ><\/textarea><\/div><\/div>\t\t<div class=\"ff-el-group\">\n\t\t\t<div class=\"ff-el-input--content\">\n\t\t\t\t<div data-fluent_id=\"1\" name=\"h-captcha-response\">\n\t\t\t\t\t\t\t<input\n\t\t\t\ttype=\"hidden\"\n\t\t\t\tclass=\"hcaptcha-widget-id\"\n\t\t\t\tname=\"hcaptcha-widget-id\"\n\t\t\t\tvalue=\"eyJzb3VyY2UiOlsiZmx1ZW50Zm9ybVwvZmx1ZW50Zm9ybS5waHAiXSwiZm9ybV9pZCI6MX0=-ad82456031ea58da81dc947ca69217a1\">\n\t\t\t\t<h-captcha\n\t\t\tclass=\"h-captcha\"\n\t\t\tdata-sitekey=\"7cd2b3ac-21d8-4882-9e1a-4f04d77ad2d6\"\n\t\t\tdata-theme=\"light\"\n\t\t\tdata-size=\"normal\"\n\t\t\tdata-auto=\"false\"\n\t\t\tdata-ajax=\"false\"\n\t\t\tdata-force=\"false\">\n\t\t<\/h-captcha>\n\t\t<input type=\"hidden\" id=\"hcaptcha_fluentform_nonce\" name=\"hcaptcha_fluentform_nonce\" value=\"18bff807a9\" \/><input type=\"hidden\" name=\"_wp_http_referer\" value=\"\/en\/wp-json\/wp\/v2\/pages\/4083\" \/>\t\t\t\t<\/div>\n\t\t\t<\/div>\n\t\t<\/div>\n\t\t<div class='ff-el-group ff-text-left ff_submit_btn_wrapper'><button type=\"submit\" class=\"ff-btn ff-btn-submit ff-btn-md ff_btn_no_style\"  aria-label=\"Envoyer\">Envoyer<\/button><\/div><\/fieldset><\/form><div id='fluentform_1_errors' class='ff-errors-in-stack ff_form_instance_1_1 ff-form-loading_errors ff_form_instance_1_1_errors'><\/div><\/div>            <script type=\"text\/javascript\">\n                window.fluent_form_ff_form_instance_1_1 = {\"id\":\"1\",\"ajaxUrl\":\"https:\\\/\\\/kaylaparis.com\\\/wp-admin\\\/admin-ajax.php\",\"settings\":{\"layout\":{\"labelPlacement\":\"top\",\"helpMessagePlacement\":\"with_label\",\"errorMessagePlacement\":\"inline\",\"cssClassName\":\"\",\"asteriskPlacement\":\"asterisk-right\"},\"restrictions\":{\"denyEmptySubmission\":{\"enabled\":false}}},\"form_instance\":\"ff_form_instance_1_1\",\"form_id_selector\":\"fluentform_1\",\"rules\":{\"names[first_name]\":{\"required\":{\"value\":false,\"message\":\"This field is required\",\"global\":false,\"global_message\":\"Ce champ est obligatoire\"}},\"names[middle_name]\":{\"required\":{\"value\":false,\"message\":\"This field is required\",\"global\":false,\"global_message\":\"Ce champ est obligatoire\"}},\"names[last_name]\":{\"required\":{\"value\":false,\"message\":\"This field is required\",\"global\":false,\"global_message\":\"Ce champ est obligatoire\"}},\"email\":{\"required\":{\"value\":true,\"message\":\"Ce champ est obligatoire\",\"global\":false,\"global_message\":\"Ce champ est obligatoire\"},\"email\":{\"value\":true,\"message\":\"Ce champ doit contenir un email valide\",\"global\":false,\"global_message\":\"Ce champ doit contenir un e-mail valide\"}},\"numeric_field\":{\"required\":{\"value\":true,\"message\":\"This field is required\",\"global_message\":\"Ce champ est obligatoire\",\"global\":true},\"numeric\":{\"value\":true,\"message\":\"This field must contain numeric value\",\"global_message\":\"Ce champ doit contenir une valeur num\\u00e9rique\",\"global\":true},\"min\":{\"value\":\"\",\"message\":\"Validation fails for minimum value\",\"global_message\":\"\\u00c9chec de la validation pour la valeur minimale\",\"global\":true},\"max\":{\"value\":\"\",\"message\":\"Validation fails for maximum value\",\"global_message\":\"\\u00c9chec de la validation pour la valeur maximale\",\"global\":true},\"digits\":{\"value\":\"\",\"message\":\"Validation fails for limited digits\",\"global_message\":\"La validation \\u00e9choue pour un nombre limit\\u00e9 de chiffres\",\"global\":true}},\"subject\":{\"required\":{\"value\":true,\"message\":\"Ce champ est obligatoire\",\"global\":false,\"global_message\":\"Ce champ est obligatoire\"}},\"message\":{\"required\":{\"value\":true,\"message\":\"Ce champ est obligatoire\",\"global\":false,\"global_message\":\"Ce champ est obligatoire\"}}},\"debounce_time\":300};\n                            <\/script>\n            <\/div>\n <\/div><\/div>\n","protected":false},"excerpt":{"rendered":"","protected":false},"author":1,"featured_media":0,"parent":0,"menu_order":0,"comment_status":"closed","ping_status":"closed","template":"","meta":{"_gspb_post_css":"#gspb_row-id-gsbp-9c27dfc{justify-content:space-between;margin-top:0;display:flex;flex-wrap:wrap;margin-bottom:60px;padding-top:100px;padding-bottom:60px}#gspb_row-id-gsbp-9c27dfc>.gspb_row__content{display:flex;justify-content:space-between;margin:0 auto;width:100%;flex-wrap:wrap}div[id^=gspb_col-id]{box-sizing:border-box;position:relative;padding:var(--gs-row-column-padding, 15px min(3vw, 20px))}body.gspb-bodyfront #gspb_row-id-gsbp-9c27dfc>.gspb_row__content{width:var(--theme-container-width, 1200px);max-width:var(--theme-normal-container-max-width, 1200px)}@media (max-width:991.98px){#gspb_row-id-gsbp-9c27dfc{padding-top:120px}}#gspb_row-id-gsbp-9c27dfc,#gspb_row-id-gsbp-9c27dfc>.gspb_backgroundOverlay{background-color:var(--wp--preset--color--palette-color-4, var(--theme-palette-color-4, #111111))}#gspb_row-id-gsbp-9c27dfc{isolation:isolate}#gspb_row-id-gsbp-9c27dfc>.gspb_backgroundOverlay{position:absolute;top:0;left:0;width:100%;height:100%;z-index:-1;opacity:.25}#gspb_col-id-gsbp-6d61d37.gspb_row__col--12{width:100%}@media (max-width:575.98px){#gspb_col-id-gsbp-6d61d37.gspb_row__col--12{width:100%}}.gspb_row #gspb_col-id-gsbp-0cc6e85.gspb_row__col--6,.gspb_row #gspb_col-id-gsbp-67222b7.gspb_row__col--6,.gspb_row #gspb_col-id-gsbp-6d61d37.gspb_row__col--12{padding:0}body #gspb_col-id-gsbp-6d61d37.gspb_row__col--12{display:flex;flex-direction:column}@media (max-width:575.98px){body #gspb_col-id-gsbp-6d61d37.gspb_row__col--12{align-items:center}}#gspb_row-id-gsbp-7904ad2{justify-content:space-between;margin-top:0;margin-bottom:0;display:flex;flex-wrap:wrap}#gspb_row-id-gsbp-7904ad2>.gspb_row__content{display:flex;justify-content:space-between;margin:0 auto;width:100%;flex-wrap:wrap}@media (max-width:575.98px){#gspb_row-id-gsbp-7904ad2>.gspb_row__content{row-gap:40px}}#gspb_col-id-gsbp-67222b7.gspb_row__col--6{width:50%}@media (max-width:575.98px){#gspb_col-id-gsbp-67222b7.gspb_row__col--6{width:100%}}#gspb_heading-id-gsbp-a634934{text-transform:uppercase;font-size:17px}@media (max-width:575.98px){#gspb_heading-id-gsbp-a634934,#gspb_heading-id-gsbp-a634934 .gsap-g-line{text-align:center!important}}#gspb_heading-id-gsbp-a634934{margin-top:0;margin-bottom:15px}.gspb_text-id-gsbp-b8e04f8{font-size:25px}@media (max-width:575.98px){.gspb_text-id-gsbp-b8e04f8,.gspb_text-id-gsbp-b8e04f8 .gsap-g-line{text-align:center!important}}.gspb_text-id-gsbp-b8e04f8 .wp-block a,.gspb_text-id-gsbp-b8e04f8 a{color:var(--wp--preset--color--palette-color-4, var(--theme-palette-color-4, #111111))}.gspb_text-id-gsbp-b8e04f8{margin-top:0!important;margin-bottom:40px!important}#gspb_row-id-gsbp-d47f8e5{justify-content:space-between;display:flex;flex-wrap:wrap;margin-top:80px;margin-bottom:120px}#gspb_row-id-gsbp-d47f8e5>.gspb_row__content{display:flex;justify-content:space-between;margin:0 auto;width:100%;flex-wrap:wrap}.gspb_row{position:relative}body.gspb-bodyfront #gspb_row-id-gsbp-7904ad2>.gspb_row__content,body.gspb-bodyfront #gspb_row-id-gsbp-d47f8e5>.gspb_row__content{width:var(--theme-container-width, 1200px);max-width:var(--theme-normal-container-max-width, 1200px)}@media (max-width:991.98px){#gspb_row-id-gsbp-d47f8e5{margin-bottom:80px}}@media (max-width:575.98px){#gspb_row-id-gsbp-d47f8e5{margin-top:60px;margin-bottom:60px;padding-bottom:60px}}#gspb_row-id-gsbp-d47f8e5{background-size:cover;background-repeat:no-repeat;background-position:50% 53%;background-image:url(https:\/\/kaylaparis.com\/wp-content\/uploads\/2025\/04\/Kayla-Paris-25.jpg)}#gspb_row-id-gsbp-d47f8e5:hover{background-size:cover}#gspb_col-id-gsbp-0cc6e85.gspb_row__col--6{width:50%}@media (max-width:575.98px){#gspb_col-id-gsbp-0cc6e85.gspb_row__col--6{width:100%}}#gspb_col-id-gsbp-d2f3731.gspb_row__col--6{width:50%}@media (max-width:575.98px){#gspb_col-id-gsbp-d2f3731.gspb_row__col--6{width:100%}}.gspb_row #gspb_col-id-gsbp-d2f3731.gspb_row__col--6{padding:50px}@media (max-width:575.98px){.gspb_row #gspb_col-id-gsbp-d2f3731.gspb_row__col--6{padding:35px}}#gspb_col-id-gsbp-d2f3731.gspb_row__col--6{background-color:var(--wp--preset--color--palette-color-7, var(--theme-palette-color-7, #FAFAFA));transition:all .5s cubic-bezier(.42,0,.58,1);transform:translateY(-100px)}@media (max-width:575.98px){#gspb_col-id-gsbp-d2f3731.gspb_row__col--6{transform:translateY(0)}}#gspb_col-id-gsbp-d2f3731.gspb_row__col--6,#gspb_col-id-gsbp-d2f3731.gspb_row__col--6>.gspb_backgroundOverlay{border-top-left-radius:10px;border-top-right-radius:10px;border-bottom-right-radius:10px;border-bottom-left-radius:10px}#gspb_heading-id-gsbp-409250d{text-transform:uppercase;margin-top:0;margin-bottom:15px}.gspb_text-id-gsbp-3cfa114{margin-bottom:50px!important}","_vp_format_video_url":"","_vp_image_focal_point":[],"footnotes":""},"class_list":["post-4083","page","type-page","status-publish","hentry"],"blocksy_meta":{"has_hero_section":"disabled","styles_descriptor":{"styles":{"desktop":"","tablet":"","mobile":""},"google_fonts":[],"version":6},"vertical_spacing_source":"custom","content_area_spacing":"none"},"yoast_head":"<!-- This site is optimized with the Yoast SEO plugin v27.4 - https:\/\/yoast.com\/product\/yoast-seo-wordpress\/ -->\n<title>Contact us - KAYLA, handmade leather accessories<\/title>\n<meta name=\"description\" content=\"Do you have a question about our products? Contact KAYLA. We&#039;ll be happy to answer any questions you may have about our handmade leather accessories.\" \/>\n<meta name=\"robots\" content=\"index, follow, max-snippet:-1, max-image-preview:large, max-video-preview:-1\" \/>\n<link rel=\"canonical\" href=\"https:\/\/kaylaparis.com\/en\/contact-us\/\" \/>\n<meta property=\"og:locale\" content=\"en_US\" \/>\n<meta property=\"og:type\" content=\"article\" \/>\n<meta property=\"og:title\" content=\"Contact us - KAYLA, handmade leather accessories\" \/>\n<meta property=\"og:description\" content=\"Do you have a question about our products? Contact KAYLA. We&#039;ll be happy to answer any questions you may have about our handmade leather accessories.\" \/>\n<meta property=\"og:url\" content=\"https:\/\/kaylaparis.com\/en\/contact-us\/\" \/>\n<meta property=\"og:site_name\" content=\"Kayla\" \/>\n<meta property=\"article:modified_time\" content=\"2025-12-15T18:58:09+00:00\" \/>\n<meta name=\"twitter:card\" content=\"summary_large_image\" \/>\n<meta name=\"twitter:label1\" content=\"Est. reading time\" \/>\n\t<meta name=\"twitter:data1\" content=\"1 minute\" \/>\n<script type=\"application\/ld+json\" class=\"yoast-schema-graph\">{\"@context\":\"https:\\\/\\\/schema.org\",\"@graph\":[{\"@type\":\"WebPage\",\"@id\":\"https:\\\/\\\/kaylaparis.com\\\/en\\\/contact-us\\\/\",\"url\":\"https:\\\/\\\/kaylaparis.com\\\/en\\\/contact-us\\\/\",\"name\":\"Contact us - KAYLA, handmade leather accessories\",\"isPartOf\":{\"@id\":\"https:\\\/\\\/kaylaparis.com\\\/en\\\/#website\"},\"datePublished\":\"2024-02-22T13:17:10+00:00\",\"dateModified\":\"2025-12-15T18:58:09+00:00\",\"description\":\"Do you have a question about our products? Contact KAYLA. We'll be happy to answer any questions you may have about our handmade leather accessories.\",\"breadcrumb\":{\"@id\":\"https:\\\/\\\/kaylaparis.com\\\/en\\\/contact-us\\\/#breadcrumb\"},\"inLanguage\":\"en-US\",\"potentialAction\":[{\"@type\":\"ReadAction\",\"target\":[\"https:\\\/\\\/kaylaparis.com\\\/en\\\/contact-us\\\/\"]}]},{\"@type\":\"BreadcrumbList\",\"@id\":\"https:\\\/\\\/kaylaparis.com\\\/en\\\/contact-us\\\/#breadcrumb\",\"itemListElement\":[{\"@type\":\"ListItem\",\"position\":1,\"name\":\"Accueil\",\"item\":\"https:\\\/\\\/kaylaparis.com\\\/en\\\/home\\\/\"},{\"@type\":\"ListItem\",\"position\":2,\"name\":\"Contact us\"}]},{\"@type\":\"WebSite\",\"@id\":\"https:\\\/\\\/kaylaparis.com\\\/en\\\/#website\",\"url\":\"https:\\\/\\\/kaylaparis.com\\\/en\\\/\",\"name\":\"Kayla\",\"description\":\"Sculpt\u00e9s dans le cuir, pens\u00e9s pour marquer.\",\"publisher\":{\"@id\":\"https:\\\/\\\/kaylaparis.com\\\/en\\\/#organization\"},\"potentialAction\":[{\"@type\":\"SearchAction\",\"target\":{\"@type\":\"EntryPoint\",\"urlTemplate\":\"https:\\\/\\\/kaylaparis.com\\\/en\\\/?s={search_term_string}\"},\"query-input\":{\"@type\":\"PropertyValueSpecification\",\"valueRequired\":true,\"valueName\":\"search_term_string\"}}],\"inLanguage\":\"en-US\"},{\"@type\":\"Organization\",\"@id\":\"https:\\\/\\\/kaylaparis.com\\\/en\\\/#organization\",\"name\":\"Kayla\",\"url\":\"https:\\\/\\\/kaylaparis.com\\\/en\\\/\",\"logo\":{\"@type\":\"ImageObject\",\"inLanguage\":\"en-US\",\"@id\":\"https:\\\/\\\/kaylaparis.com\\\/en\\\/#\\\/schema\\\/logo\\\/image\\\/\",\"url\":\"https:\\\/\\\/kaylaparis.com\\\/wp-content\\\/uploads\\\/2024\\\/12\\\/Logotype_Black-1.png\",\"contentUrl\":\"https:\\\/\\\/kaylaparis.com\\\/wp-content\\\/uploads\\\/2024\\\/12\\\/Logotype_Black-1.png\",\"width\":1973,\"height\":481,\"caption\":\"Kayla\"},\"image\":{\"@id\":\"https:\\\/\\\/kaylaparis.com\\\/en\\\/#\\\/schema\\\/logo\\\/image\\\/\"}}]}<\/script>\n<!-- \/ Yoast SEO plugin. -->","yoast_head_json":{"title":"Contact us - KAYLA, handmade leather accessories","description":"Do you have a question about our products? Contact KAYLA. We'll be happy to answer any questions you may have about our handmade leather accessories.","robots":{"index":"index","follow":"follow","max-snippet":"max-snippet:-1","max-image-preview":"max-image-preview:large","max-video-preview":"max-video-preview:-1"},"canonical":"https:\/\/kaylaparis.com\/en\/contact-us\/","og_locale":"en_US","og_type":"article","og_title":"Contact us - KAYLA, handmade leather accessories","og_description":"Do you have a question about our products? Contact KAYLA. We'll be happy to answer any questions you may have about our handmade leather accessories.","og_url":"https:\/\/kaylaparis.com\/en\/contact-us\/","og_site_name":"Kayla","article_modified_time":"2025-12-15T18:58:09+00:00","twitter_card":"summary_large_image","twitter_misc":{"Est. reading time":"1 minute"},"schema":{"@context":"https:\/\/schema.org","@graph":[{"@type":"WebPage","@id":"https:\/\/kaylaparis.com\/en\/contact-us\/","url":"https:\/\/kaylaparis.com\/en\/contact-us\/","name":"Contact us - KAYLA, handmade leather accessories","isPartOf":{"@id":"https:\/\/kaylaparis.com\/en\/#website"},"datePublished":"2024-02-22T13:17:10+00:00","dateModified":"2025-12-15T18:58:09+00:00","description":"Do you have a question about our products? Contact KAYLA. We'll be happy to answer any questions you may have about our handmade leather accessories.","breadcrumb":{"@id":"https:\/\/kaylaparis.com\/en\/contact-us\/#breadcrumb"},"inLanguage":"en-US","potentialAction":[{"@type":"ReadAction","target":["https:\/\/kaylaparis.com\/en\/contact-us\/"]}]},{"@type":"BreadcrumbList","@id":"https:\/\/kaylaparis.com\/en\/contact-us\/#breadcrumb","itemListElement":[{"@type":"ListItem","position":1,"name":"Accueil","item":"https:\/\/kaylaparis.com\/en\/home\/"},{"@type":"ListItem","position":2,"name":"Contact us"}]},{"@type":"WebSite","@id":"https:\/\/kaylaparis.com\/en\/#website","url":"https:\/\/kaylaparis.com\/en\/","name":"Kayla","description":"Sculpt\u00e9s dans le cuir, pens\u00e9s pour marquer.","publisher":{"@id":"https:\/\/kaylaparis.com\/en\/#organization"},"potentialAction":[{"@type":"SearchAction","target":{"@type":"EntryPoint","urlTemplate":"https:\/\/kaylaparis.com\/en\/?s={search_term_string}"},"query-input":{"@type":"PropertyValueSpecification","valueRequired":true,"valueName":"search_term_string"}}],"inLanguage":"en-US"},{"@type":"Organization","@id":"https:\/\/kaylaparis.com\/en\/#organization","name":"Kayla","url":"https:\/\/kaylaparis.com\/en\/","logo":{"@type":"ImageObject","inLanguage":"en-US","@id":"https:\/\/kaylaparis.com\/en\/#\/schema\/logo\/image\/","url":"https:\/\/kaylaparis.com\/wp-content\/uploads\/2024\/12\/Logotype_Black-1.png","contentUrl":"https:\/\/kaylaparis.com\/wp-content\/uploads\/2024\/12\/Logotype_Black-1.png","width":1973,"height":481,"caption":"Kayla"},"image":{"@id":"https:\/\/kaylaparis.com\/en\/#\/schema\/logo\/image\/"}}]}},"_links":{"self":[{"href":"https:\/\/kaylaparis.com\/en\/wp-json\/wp\/v2\/pages\/4083","targetHints":{"allow":["GET"]}}],"collection":[{"href":"https:\/\/kaylaparis.com\/en\/wp-json\/wp\/v2\/pages"}],"about":[{"href":"https:\/\/kaylaparis.com\/en\/wp-json\/wp\/v2\/types\/page"}],"author":[{"embeddable":true,"href":"https:\/\/kaylaparis.com\/en\/wp-json\/wp\/v2\/users\/1"}],"replies":[{"embeddable":true,"href":"https:\/\/kaylaparis.com\/en\/wp-json\/wp\/v2\/comments?post=4083"}],"version-history":[{"count":6,"href":"https:\/\/kaylaparis.com\/en\/wp-json\/wp\/v2\/pages\/4083\/revisions"}],"predecessor-version":[{"id":4964,"href":"https:\/\/kaylaparis.com\/en\/wp-json\/wp\/v2\/pages\/4083\/revisions\/4964"}],"wp:attachment":[{"href":"https:\/\/kaylaparis.com\/en\/wp-json\/wp\/v2\/media?parent=4083"}],"curies":[{"name":"wp","href":"https:\/\/api.w.org\/{rel}","templated":true}]}}